{"id":11243,"date":"2018-07-10T10:27:50","date_gmt":"2018-07-10T10:27:50","guid":{"rendered":"https:\/\/yol-jewelry.com\/?page_id=11243"},"modified":"2022-04-06T11:38:39","modified_gmt":"2022-04-06T11:38:39","slug":"press-and-events","status":"publish","type":"page","link":"https:\/\/yol-jewelry.com\/fr\/press-and-events\/","title":{"rendered":"Presse et \u00e9v\u00e9nements"},"content":{"rendered":"<h1 class=\"grve-title clearfix grve-text-light animate-fade-in-up\">PRESS &amp; EVENTS 2020 &#8211; 2021<\/h1>\n<p>\u00a0<\/p>\n<h1 class=\"grve-title clearfix grve-text-light animate-fade-in-up\">PRESSE &amp; \u00c9VENEMENTS 2018 -2019<\/h1>\n<p>\u00a0<\/p>\n<p class=\"vc_custom_heading\">2018 \u2022 OPENING OF YOL &#8220;NOMADIC JEWELRY&#8221; AT VICTORIA YARDS IN JOHANNESBURG.<\/p>\n<p class=\"vc_custom_heading\">2018 \u2022 ARTICLE IN &#8220;JOBURG IN YOUR POCKET&#8221; YOL AT VICTORIA YARDS.\u00a0<\/p>\n<p class=\"vc_custom_heading\">2018 \u2022 ARTICLE IN THE SATURDAY CITIZEN BY MARIE-LAIS EMOND. VIEW THE POST <a href=\"http:\/\/WWW.FACEBOOK.COM\/MARIELAIS.EMOND\">HERE<\/a>.<\/p>\n<p class=\"vc_custom_heading\">2018 \u2022 EXPOSITION \" SECRETS DE BIJOUX\" LYON PALAIS DE LA BOURSE FRANCECLAT<\/p>\n<p><a href=\"http:\/\/giftuniverse.co.za\/wp-content\/uploads\/2021\/04\/SECRET-DE-BIJOUX.jpg\"><img loading=\"lazy\" decoding=\"async\" class=\"alignnone wp-image-12186 size-medium\" src=\"http:\/\/giftuniverse.co.za\/wp-content\/uploads\/2021\/04\/SECRET-DE-BIJOUX-235x300.jpg\" alt=\"\" width=\"235\" height=\"300\" srcset=\"https:\/\/yol-jewelry.com\/wp-content\/uploads\/2021\/04\/SECRET-DE-BIJOUX-235x300.jpg 235w, https:\/\/yol-jewelry.com\/wp-content\/uploads\/2021\/04\/SECRET-DE-BIJOUX-768x979.jpg 768w, https:\/\/yol-jewelry.com\/wp-content\/uploads\/2021\/04\/SECRET-DE-BIJOUX-9x12.jpg 9w, https:\/\/yol-jewelry.com\/wp-content\/uploads\/2021\/04\/SECRET-DE-BIJOUX-600x765.jpg 600w, https:\/\/yol-jewelry.com\/wp-content\/uploads\/2021\/04\/SECRET-DE-BIJOUX.jpg 803w\" sizes=\"auto, (max-width: 235px) 100vw, 235px\" \/><\/a><\/p>\n<p class=\"vc_custom_heading\"><a href=\"https:\/\/www.facebook.com\/844541159079993\/posts\/1014507828749991\/\" target=\" _blank\" rel=\"noopener\">2018 \u2022 AFROPOLITAN GALLERY RHINO RECORD EXHIBITION.<\/a><\/p>\n<h1>\u00a0<\/h1>\n<h1 class=\"grve-title clearfix grve-text-light animate-fade-in-up\">PRESSE &amp; \u00c9VENEMENTS 2016 \u2013 2017<\/h1>\n<p class=\"vc_custom_heading translation-block\">2016 \u2022 DOUALA, CAMEROUN. EXPOSITION LES MEUBLEs D' ANNE CAROFF  &amp; YOL<\/p>\n<p class=\"vc_custom_heading\">2016 \u2022 YAOUNDE FASHION WEEK AVEC LE CCMC. COLLECTION YOL<\/p>\n<p class=\"vc_custom_heading\">2017 \u2022 OCTOBER PIASA AUCTION LINK TO &#8220;PARCOURS BIJOUX&#8221; EVENT<\/p>\n<p class=\"vc_custom_heading\">2017 \u2022 PARCOURS BIJOUX PARIS EXPOSITION COLLECTIVE \"SOUS INFLUENCE\" \u00c0 LA GALERIE OBJET RARE.<\/p>\n<p><a href=\"http:\/\/giftuniverse.co.za\/wp-content\/uploads\/2021\/04\/Sans-titre-3.jpg\"><img loading=\"lazy\" decoding=\"async\" class=\"alignnone wp-image-12187 size-medium\" src=\"http:\/\/giftuniverse.co.za\/wp-content\/uploads\/2021\/04\/Sans-titre-3-300x300.jpg\" alt=\"\" width=\"300\" height=\"300\" srcset=\"https:\/\/yol-jewelry.com\/wp-content\/uploads\/2021\/04\/Sans-titre-3-300x300.jpg 300w, https:\/\/yol-jewelry.com\/wp-content\/uploads\/2021\/04\/Sans-titre-3-150x150.jpg 150w, https:\/\/yol-jewelry.com\/wp-content\/uploads\/2021\/04\/Sans-titre-3-12x12.jpg 12w, https:\/\/yol-jewelry.com\/wp-content\/uploads\/2021\/04\/Sans-titre-3-100x100.jpg 100w, https:\/\/yol-jewelry.com\/wp-content\/uploads\/2021\/04\/Sans-titre-3.jpg 600w\" sizes=\"auto, (max-width: 300px) 100vw, 300px\" \/><\/a><\/p>\n<p class=\"vc_custom_heading translation-block\">2017 \u2022DOUALA, CAMEROUN. EXPOSITION LES MEUBLEs D' ANNE CAROFF  &amp; YOL<\/p>\n<h1>\u00a0<\/h1>\n<h1 class=\"grve-title clearfix grve-text-light animate-fade-in-up\">PRESSE &amp; \u00c9VENEMENTS 2014 \u2013 2015<\/h1>\n<p><span style=\"color: #ffffff;\">2014 \u2022 QUEBEC SALON \"PLEIN ART\" .<\/span><\/p>\n<p class=\"vc_custom_heading\"><span style=\"color: #ffffff;\">2014 \u2022 SALON NEW YORK NOW .<\/span><\/p>\n<p class=\"vc_custom_heading\"><span style=\"color: #ffffff;\">2015 \u2022 DOUALA CAMEROUN EXPOSITION PARTAG\u00c9E \u00c0 LA MAM GALLERY AVEC LE CCMC YAOUNDE: TCHOMBE \"TRADITION AND MODERNITE\" V\u00caTEMENTS ET BIJOUX.<\/span><\/p>\n<p><a href=\"http:\/\/giftuniverse.co.za\/wp-content\/uploads\/2021\/04\/TCHOMBE.jpg\"><img loading=\"lazy\" decoding=\"async\" class=\"alignnone wp-image-12188 size-medium\" src=\"http:\/\/giftuniverse.co.za\/wp-content\/uploads\/2021\/04\/TCHOMBE-300x300.jpg\" alt=\"\" width=\"300\" height=\"300\" srcset=\"https:\/\/yol-jewelry.com\/wp-content\/uploads\/2021\/04\/TCHOMBE-300x300.jpg 300w, https:\/\/yol-jewelry.com\/wp-content\/uploads\/2021\/04\/TCHOMBE-150x150.jpg 150w, https:\/\/yol-jewelry.com\/wp-content\/uploads\/2021\/04\/TCHOMBE-12x12.jpg 12w, https:\/\/yol-jewelry.com\/wp-content\/uploads\/2021\/04\/TCHOMBE-100x100.jpg 100w, https:\/\/yol-jewelry.com\/wp-content\/uploads\/2021\/04\/TCHOMBE.jpg 600w\" sizes=\"auto, (max-width: 300px) 100vw, 300px\" \/><\/a><\/p>\n<div class=\"grve-section grve-fullwidth-background grve-bg-none grve-headings-light grve-feature-header grve-feature-footer\">\n<div class=\"grve-container\">\n<div class=\"grve-row grve-bookmark\">\n<div class=\"wpb_column grve-column grve-column-2-3\">\n<p class=\"vc_custom_heading\">2015 \u2022 EXPOSITION COLLECTIVE \u00c0 L'INSTITUT FRAN\u00c7AIS DE YAOUNDE \"MISSANGA\"<\/p>\n<\/div>\n<\/div>\n<\/div>\n<\/div>\n<div class=\"grve-section grve-fullwidth grve-bg-none grve-feature-header grve-feature-footer\">\n<div class=\"grve-container\">\n<div class=\"grve-row grve-bookmark\">\n<div class=\"wpb_column grve-column grve-column-1 vc_custom_1453965918589\">\n<h1>\u00a0<\/h1>\n<h1 class=\"grve-title clearfix grve-text-light animate-fade-in-up\">PRESSE &amp; \u00c9VENEMENTS 2012 \u2013 2013<\/h1>\n<p class=\"vc_custom_heading\">2010 -2012 \u2022 COLLABORATION AVEC KACEY JEWELRY SHANGHAI<\/p>\n<\/div>\n<p class=\"vc_custom_heading\">2012 \u2022 LE CHEMIN DES CREATEURS (PARIS)<\/p>\n<p class=\"vc_custom_heading\">2012 \u2022 20 \u00c9ME SALON DES M\u00c9TIERS D'ART DE ST MAUR-DES-FOSS\u00c9S<\/p>\n<p class=\"vc_custom_heading\">2012 \u2022 ARTICLE DANS ELLE MAGAZINE FRANCE ET PARIS MATCH<\/p>\n<p><a href=\"http:\/\/giftuniverse.co.za\/wp-content\/uploads\/2021\/04\/elle001-1-300x129-1.jpg\"><img loading=\"lazy\" decoding=\"async\" class=\"alignnone wp-image-12192 size-thumbnail\" src=\"http:\/\/giftuniverse.co.za\/wp-content\/uploads\/2021\/04\/elle001-1-300x129-1-150x129.jpg\" alt=\"\" width=\"150\" height=\"129\" \/><\/a><\/p>\n<p><a href=\"http:\/\/giftuniverse.co.za\/wp-content\/uploads\/2021\/04\/paris-match002-300x245-1.jpg\"><img loading=\"lazy\" decoding=\"async\" class=\"alignnone wp-image-12193 size-thumbnail\" src=\"http:\/\/giftuniverse.co.za\/wp-content\/uploads\/2021\/04\/paris-match002-300x245-1-150x150.jpg\" alt=\"\" width=\"150\" height=\"150\" srcset=\"https:\/\/yol-jewelry.com\/wp-content\/uploads\/2021\/04\/paris-match002-300x245-1-150x150.jpg 150w, https:\/\/yol-jewelry.com\/wp-content\/uploads\/2021\/04\/paris-match002-300x245-1-100x100.jpg 100w\" sizes=\"auto, (max-width: 150px) 100vw, 150px\" \/><\/a><\/p>\n<p class=\"vc_custom_heading\">2012 \u2022 OBJET RARE EXPOSITION COLLECTIVE \"VUE D'ICI\" AVEC CAROLINE VOLCOVICI<\/p>\n<p class=\"vc_custom_heading\">2013 \u2022 CIRCUITS BIJOUX PARIS EXPOSITION COLLECTIVE \"EMPREINTES\" \u00c0 LA GALERIE OBJET RARE.<\/p>\n<p><a href=\"http:\/\/giftuniverse.co.za\/wp-content\/uploads\/2021\/04\/Empreintes.jpg\"><img loading=\"lazy\" decoding=\"async\" class=\"alignnone wp-image-12191 size-medium\" src=\"http:\/\/giftuniverse.co.za\/wp-content\/uploads\/2021\/04\/Empreintes-300x300.jpg\" alt=\"\" width=\"300\" height=\"300\" srcset=\"https:\/\/yol-jewelry.com\/wp-content\/uploads\/2021\/04\/Empreintes-300x300.jpg 300w, https:\/\/yol-jewelry.com\/wp-content\/uploads\/2021\/04\/Empreintes-150x150.jpg 150w, https:\/\/yol-jewelry.com\/wp-content\/uploads\/2021\/04\/Empreintes-12x12.jpg 12w, https:\/\/yol-jewelry.com\/wp-content\/uploads\/2021\/04\/Empreintes-100x100.jpg 100w, https:\/\/yol-jewelry.com\/wp-content\/uploads\/2021\/04\/Empreintes.jpg 600w\" sizes=\"auto, (max-width: 300px) 100vw, 300px\" \/><\/a><\/p>\n<p class=\"vc_custom_heading\">2013 \u2022 YOL . ARTICLE DANS ELLE<\/p>\n<p><a href=\"http:\/\/giftuniverse.co.za\/wp-content\/uploads\/2021\/04\/elle.png\"><img loading=\"lazy\" decoding=\"async\" class=\"alignnone wp-image-12190 size-medium\" src=\"http:\/\/giftuniverse.co.za\/wp-content\/uploads\/2021\/04\/elle-298x300.png\" alt=\"\" width=\"298\" height=\"300\" srcset=\"https:\/\/yol-jewelry.com\/wp-content\/uploads\/2021\/04\/elle-298x300.png 298w, https:\/\/yol-jewelry.com\/wp-content\/uploads\/2021\/04\/elle-150x150.png 150w, https:\/\/yol-jewelry.com\/wp-content\/uploads\/2021\/04\/elle-12x12.png 12w, https:\/\/yol-jewelry.com\/wp-content\/uploads\/2021\/04\/elle-100x100.png 100w, https:\/\/yol-jewelry.com\/wp-content\/uploads\/2021\/04\/elle.png 520w\" sizes=\"auto, (max-width: 298px) 100vw, 298px\" \/><\/a><\/p>\n<p class=\"vc_custom_heading\">2013 \u2022EXPOSITION \u00c0 LA GALERIE MAREE HAUTE \u00c0 PORT JOINVILLE, ILE D'YEU<\/p>\n<p><a href=\"http:\/\/giftuniverse.co.za\/wp-content\/uploads\/2021\/04\/1.jpg\"><img loading=\"lazy\" decoding=\"async\" class=\"alignnone wp-image-12189 size-medium\" src=\"http:\/\/giftuniverse.co.za\/wp-content\/uploads\/2021\/04\/1-300x225.jpg\" alt=\"\" width=\"300\" height=\"225\" srcset=\"https:\/\/yol-jewelry.com\/wp-content\/uploads\/2021\/04\/1-300x225.jpg 300w, https:\/\/yol-jewelry.com\/wp-content\/uploads\/2021\/04\/1-768x576.jpg 768w, https:\/\/yol-jewelry.com\/wp-content\/uploads\/2021\/04\/1-16x12.jpg 16w, https:\/\/yol-jewelry.com\/wp-content\/uploads\/2021\/04\/1-600x450.jpg 600w, https:\/\/yol-jewelry.com\/wp-content\/uploads\/2021\/04\/1.jpg 1000w\" sizes=\"auto, (max-width: 300px) 100vw, 300px\" \/><\/a><\/p>\n<div class=\"grve-section grve-fullwidth-background grve-bg-none grve-headings-light grve-feature-header grve-feature-footer\">\n<div class=\"grve-container\">\n<div class=\"grve-row grve-bookmark\">\n<div class=\"wpb_column grve-column grve-column-2-3\">\n<p class=\"vc_custom_heading\">2013 \u2022 21 \u00c9ME SALON DES M\u00c9TIERS D'ART DE ST MAUR-DES-FOSS\u00c9S<\/p>\n<h1>\u00a0<\/h1>\n<h1 class=\"grve-title clearfix grve-text-light animate-fade-in-up\">PRESSE &amp; \u00c9VENEMENTS 2010 \u2013 2011<\/h1>\n<p class=\"vc_custom_heading\">2010 \u2022 EXPOSITION COLLECTIVE \u00c0 LA SHANGHAI UNIVERSITY \"YUNNAN FOLK ART PROJECT\"<\/p>\n<p><a href=\"http:\/\/giftuniverse.co.za\/wp-content\/uploads\/2021\/04\/Catalogue-expo-Yunan.jpg\"><img loading=\"lazy\" decoding=\"async\" class=\"alignnone wp-image-12199 size-medium\" src=\"http:\/\/giftuniverse.co.za\/wp-content\/uploads\/2021\/04\/Catalogue-expo-Yunan-300x300.jpg\" alt=\"\" width=\"300\" height=\"300\" srcset=\"https:\/\/yol-jewelry.com\/wp-content\/uploads\/2021\/04\/Catalogue-expo-Yunan-300x300.jpg 300w, https:\/\/yol-jewelry.com\/wp-content\/uploads\/2021\/04\/Catalogue-expo-Yunan-150x150.jpg 150w, https:\/\/yol-jewelry.com\/wp-content\/uploads\/2021\/04\/Catalogue-expo-Yunan-12x12.jpg 12w, https:\/\/yol-jewelry.com\/wp-content\/uploads\/2021\/04\/Catalogue-expo-Yunan-100x100.jpg 100w, https:\/\/yol-jewelry.com\/wp-content\/uploads\/2021\/04\/Catalogue-expo-Yunan.jpg 600w\" sizes=\"auto, (max-width: 300px) 100vw, 300px\" \/><\/a><\/p>\n<p><a href=\"http:\/\/giftuniverse.co.za\/wp-content\/uploads\/2021\/04\/catalogue-Yunnan-2.jpg\"><img loading=\"lazy\" decoding=\"async\" class=\"alignnone wp-image-12194 size-medium\" src=\"http:\/\/giftuniverse.co.za\/wp-content\/uploads\/2021\/04\/catalogue-Yunnan-2-300x300.jpg\" alt=\"\" width=\"300\" height=\"300\" srcset=\"https:\/\/yol-jewelry.com\/wp-content\/uploads\/2021\/04\/catalogue-Yunnan-2-300x300.jpg 300w, https:\/\/yol-jewelry.com\/wp-content\/uploads\/2021\/04\/catalogue-Yunnan-2-150x150.jpg 150w, https:\/\/yol-jewelry.com\/wp-content\/uploads\/2021\/04\/catalogue-Yunnan-2-12x12.jpg 12w, https:\/\/yol-jewelry.com\/wp-content\/uploads\/2021\/04\/catalogue-Yunnan-2-100x100.jpg 100w, https:\/\/yol-jewelry.com\/wp-content\/uploads\/2021\/04\/catalogue-Yunnan-2.jpg 600w\" sizes=\"auto, (max-width: 300px) 100vw, 300px\" \/><\/a><\/p>\n<p><a href=\"http:\/\/giftuniverse.co.za\/wp-content\/uploads\/2021\/04\/cat1.jpg\"><img loading=\"lazy\" decoding=\"async\" class=\"alignnone wp-image-12195 size-medium\" src=\"http:\/\/giftuniverse.co.za\/wp-content\/uploads\/2021\/04\/cat1-300x290.jpg\" alt=\"\" width=\"300\" height=\"290\" srcset=\"https:\/\/yol-jewelry.com\/wp-content\/uploads\/2021\/04\/cat1-300x290.jpg 300w, https:\/\/yol-jewelry.com\/wp-content\/uploads\/2021\/04\/cat1-768x742.jpg 768w, https:\/\/yol-jewelry.com\/wp-content\/uploads\/2021\/04\/cat1-12x12.jpg 12w, https:\/\/yol-jewelry.com\/wp-content\/uploads\/2021\/04\/cat1-600x580.jpg 600w, https:\/\/yol-jewelry.com\/wp-content\/uploads\/2021\/04\/cat1.jpg 800w\" sizes=\"auto, (max-width: 300px) 100vw, 300px\" \/><\/a><\/p>\n<p><a href=\"http:\/\/giftuniverse.co.za\/wp-content\/uploads\/2021\/04\/cat2.jpg\"><img loading=\"lazy\" decoding=\"async\" class=\"alignnone wp-image-12196 size-medium\" src=\"http:\/\/giftuniverse.co.za\/wp-content\/uploads\/2021\/04\/cat2-292x300.jpg\" alt=\"\" width=\"292\" height=\"300\" srcset=\"https:\/\/yol-jewelry.com\/wp-content\/uploads\/2021\/04\/cat2-292x300.jpg 292w, https:\/\/yol-jewelry.com\/wp-content\/uploads\/2021\/04\/cat2-996x1024.jpg 996w, https:\/\/yol-jewelry.com\/wp-content\/uploads\/2021\/04\/cat2-768x790.jpg 768w, https:\/\/yol-jewelry.com\/wp-content\/uploads\/2021\/04\/cat2-12x12.jpg 12w, https:\/\/yol-jewelry.com\/wp-content\/uploads\/2021\/04\/cat2-600x617.jpg 600w, https:\/\/yol-jewelry.com\/wp-content\/uploads\/2021\/04\/cat2.jpg 1062w\" sizes=\"auto, (max-width: 292px) 100vw, 292px\" \/><\/a><\/p>\n<p class=\"vc_custom_heading\">2011 \u2022 D\u00c9BUT DE MA COLLABORATION AVEC LA GALERIE OBJET RARE<\/p>\n<p class=\"vc_custom_heading\">2011 \u2022 ARTICLE DANS LE SHANGHAI DAILY<\/p>\n<p><a href=\"http:\/\/giftuniverse.co.za\/wp-content\/uploads\/2021\/04\/article.jpeg\"><img loading=\"lazy\" decoding=\"async\" class=\"alignnone wp-image-12197 size-medium\" src=\"http:\/\/giftuniverse.co.za\/wp-content\/uploads\/2021\/04\/article-285x300.jpeg\" alt=\"\" width=\"285\" height=\"300\" srcset=\"https:\/\/yol-jewelry.com\/wp-content\/uploads\/2021\/04\/article-285x300.jpeg 285w, https:\/\/yol-jewelry.com\/wp-content\/uploads\/2021\/04\/article-972x1024.jpeg 972w, https:\/\/yol-jewelry.com\/wp-content\/uploads\/2021\/04\/article-768x809.jpeg 768w, https:\/\/yol-jewelry.com\/wp-content\/uploads\/2021\/04\/article-11x12.jpeg 11w, https:\/\/yol-jewelry.com\/wp-content\/uploads\/2021\/04\/article-600x632.jpeg 600w, https:\/\/yol-jewelry.com\/wp-content\/uploads\/2021\/04\/article.jpeg 1048w\" sizes=\"auto, (max-width: 285px) 100vw, 285px\" \/><\/a><\/p>\n<\/div>\n<\/div>\n<\/div>\n<\/div>\n<div class=\"grve-section grve-fullwidth grve-bg-none grve-feature-header grve-feature-footer\">\n<div class=\"grve-container\">\n<div class=\"grve-row grve-bookmark\">\n<div class=\"wpb_column grve-column grve-column-1 vc_custom_1453965918589\">\u00a0<\/div>\n<\/div>\n<\/div>\n<\/div>\n<\/div>\n<\/div>\n<\/div>\n<p>\u00a0<\/p>\n<p>\u00a0<\/p>","protected":false},"excerpt":{"rendered":"<p>PRESS &amp; EVENTS 2020 &#8211; 2021 \u00a0 PRESS &amp; EVENTS 2018 &#8211; 2019 \u00a0 2018 \u2022 OPENING OF YOL &#8220;NOMADIC JEWELRY&#8221; AT VICTORIA YARDS IN JOHANNESBURG. 2018 \u2022 ARTICLE IN &#8220;JOBURG IN YOUR POCKET&#8221; YOL AT VICTORIA YARDS.\u00a0 2018 \u2022 ARTICLE IN THE SATURDAY CITIZEN BY MARIE-LAIS EMOND. VIEW THE POST HERE. 2018 \u2022 GROUP [&#8230;]\n","protected":false},"author":1,"featured_media":0,"parent":0,"menu_order":0,"comment_status":"closed","ping_status":"closed","template":"","meta":{"footnotes":""},"class_list":["post-11243","page","type-page","status-publish","hentry"],"_links":{"self":[{"href":"https:\/\/yol-jewelry.com\/fr\/wp-json\/wp\/v2\/pages\/11243","targetHints":{"allow":["GET"]}}],"collection":[{"href":"https:\/\/yol-jewelry.com\/fr\/wp-json\/wp\/v2\/pages"}],"about":[{"href":"https:\/\/yol-jewelry.com\/fr\/wp-json\/wp\/v2\/types\/page"}],"author":[{"embeddable":true,"href":"https:\/\/yol-jewelry.com\/fr\/wp-json\/wp\/v2\/users\/1"}],"replies":[{"embeddable":true,"href":"https:\/\/yol-jewelry.com\/fr\/wp-json\/wp\/v2\/comments?post=11243"}],"version-history":[{"count":0,"href":"https:\/\/yol-jewelry.com\/fr\/wp-json\/wp\/v2\/pages\/11243\/revisions"}],"wp:attachment":[{"href":"https:\/\/yol-jewelry.com\/fr\/wp-json\/wp\/v2\/media?parent=11243"}],"curies":[{"name":"wp","href":"https:\/\/api.w.org\/{rel}","templated":true}]}}